{"id":57,"date":"2025-05-17T07:28:33","date_gmt":"2025-05-17T07:28:33","guid":{"rendered":"https:\/\/registrogeneralprofesionales.eu\/?page_id=57"},"modified":"2026-03-30T06:40:31","modified_gmt":"2026-03-30T06:40:31","slug":"acreditacion","status":"publish","type":"page","link":"https:\/\/registrogeneralprofesionales.eu\/?page_id=57","title":{"rendered":"Evaluaci\u00f3n y Acreditaci\u00f3n"},"content":{"rendered":"\n<p>La acreditaci\u00f3n es una evaluaci\u00f3n de la calidad y desempe\u00f1o de empresas, organizaciones, instituciones, corporaciones, agencias, formaci\u00f3n acad\u00e9mica, profesionales y consultores. <\/p>\n\n\n\n<p>A nivel internacional, la acreditaci\u00f3n representa una herramienta clave mediante la cual, clientes, socios comerciales, inversores, autoridades p\u00fablicas y medios de comunicaci\u00f3n reconocen que una entidad o un profesional, opera conforme a est\u00e1ndares de excelencia, responsabilidad y eficacia.<\/p>\n\n\n\n<p>La acreditaci\u00f3n puede ser institucional o por \u00e1rea de actividad, y <strong>es un proceso voluntario, integral y objetivo<\/strong> de revisi\u00f3n externa por parte de expertos, con el fin de verificar si una empresa o entidad cumple con los criterios establecidos por el organismo acreditador en t\u00e9rminos de calidad operativa, gesti\u00f3n, cumplimiento normativo y\/o responsabilidad social. La RGPUE ofrece acreditaci\u00f3n institucional a sus miembros profesionales y empresariales.<\/p>\n\n\n\n<h2 class=\"wp-block-heading\">\u00bfPor qu\u00e9 es importante la acreditaci\u00f3n?<\/h2>\n\n\n\n<p><strong>Clientes y consumidores conf\u00edan m\u00e1s en empresas acreditadas<\/strong>, al saber que cumplen con est\u00e1ndares reconocidos de calidad.<\/p>\n\n\n\n<p><strong>Inversores y financiadores valoran positivamente la acreditaci\u00f3n<\/strong> al evaluar el riesgo y el potencial de crecimiento de una empresa.<\/p>\n\n\n\n<p><strong>Entidades gubernamentales y organismos reguladores valoran la acreditaci\u00f3n<\/strong> para el acceso a subvenciones, licitaciones, concesiones o beneficios fiscales.<\/p>\n\n\n\n<p><strong>Socios comerciales consideran la acreditaci\u00f3n como una garant\u00eda<\/strong> de integridad, competencia y buenas pr\u00e1cticas.<\/p>\n\n\n\n<h2 class=\"wp-block-heading\">\u00bfQu\u00e9 se acredita?<\/h2>\n\n\n\n<p>La acreditaci\u00f3n puede aplicarse a:<\/p>\n\n\n\n<ul class=\"wp-block-list\">\n<li><strong>Empresas <\/strong>privadas y p\u00fablicas.<\/li>\n\n\n\n<li><strong>Organizaciones<\/strong> sin fines de lucro.<\/li>\n\n\n\n<li><strong>Startups<\/strong>, PYMEs y grandes corporaciones.<\/li>\n\n\n\n<li><strong>Consultoras<\/strong>, agencias y entidades de servicios.<\/li>\n\n\n\n<li><strong>Proyectos<\/strong>, procesos, productos, programas de formaci\u00f3n y departamentos espec\u00edficos.<\/li>\n<\/ul>\n\n\n\n<p>Existen cientos de organismos acreditadores a nivel global, cada uno con distintos enfoques seg\u00fan el sector. El directorio de entidades acreditadas por RGPUE incluye cientos de organizaciones y empresas reconocidas internacionalmente. Puedes buscar por nombre, sector o pa\u00eds en nuestra base de datos.<\/p>\n\n\n\n<h2 class=\"wp-block-heading\">\u00bfPor qu\u00e9 es importante la acreditaci\u00f3n empresarial?<\/h2>\n\n\n\n<p>La acreditaci\u00f3n garantiza al p\u00fablico y a los agentes del mercado que una empresa cumple con est\u00e1ndares de calidad, gesti\u00f3n \u00e9tica y compromiso con la mejora continua. Adem\u00e1s, refuerza la reputaci\u00f3n corporativa y facilita la proyecci\u00f3n internacional.<\/p>\n\n\n\n<p>La acreditaci\u00f3n de RGPUE puede servir como referencia global, libre de limitaciones territoriales o regulatorias. A diferencia de sistemas nacionales centrados en cumplimiento legal m\u00ednimo, RGPUE reconoce tambi\u00e9n modelos innovadores, disruptivos o alternativos de gesti\u00f3n empresarial y creaci\u00f3n de valor.<\/p>\n\n\n\n<p>En un entorno global y competitivo, lo importante no es s\u00f3lo qui\u00e9n acredita, sino cu\u00e1nto respaldo, transparencia y reconocimiento ofrece esa acreditaci\u00f3n.<\/p>\n\n\n\n<h2 class=\"wp-block-heading\">Tipos de acreditaci\u00f3n<\/h2>\n\n\n\n<p><strong>Acreditaci\u00f3n institucional completa: <\/strong>Para empresas con operaciones convencionales, procesos estandarizados y estructuras formales.<\/p>\n\n\n\n<p><strong>Acreditaci\u00f3n digital o remota: <\/strong>Para empresas que operan principalmente de forma virtual o globalizada, incluyendo plataformas tecnol\u00f3gicas.<\/p>\n\n\n\n<p><strong>Acreditaci\u00f3n de \u00e1reas espec\u00edficas:<\/strong> Para empresas que desean acreditar departamentos, procesos o l\u00edneas de negocio puntuales.<\/p>\n\n\n\n<p><strong>Acreditaci\u00f3n de programas o servicios:<\/strong> Para aquellas que ofrecen productos o servicios que desean validar individualmente (por ejemplo, un programa de formaci\u00f3n corporativa o un sistema de calidad).<\/p>\n\n\n\n<p><strong>Importante: <\/strong>La acreditaci\u00f3n institucional no cubre autom\u00e1ticamente todos los productos, servicios o procesos. Se debe solicitar acreditaci\u00f3n adicional para cada uno que se desee certificar.<\/p>\n\n\n\n<h2 class=\"wp-block-heading\">Pasos para obtener la acreditaci\u00f3n RGP (UE)<\/h2>\n\n\n\n<p><strong>Solicitud inicial: <\/strong>Se presenta a trav\u00e9s del sitio web y se recibe asesoramiento gratuito.<\/p>\n\n\n\n<p><strong>Inspecci\u00f3n o auditor\u00eda: <\/strong>Se realiza una visita (presencial o virtual) para evaluar procesos, pol\u00edticas y resultados.<\/p>\n\n\n\n<p><strong>Revisi\u00f3n y decisi\u00f3n:<\/strong> Un comit\u00e9 experto analiza el informe y emite la resoluci\u00f3n de acreditaci\u00f3n si corresponde.<\/p>\n\n\n\n<h2 class=\"wp-block-heading\">Tarifas de acreditaci\u00f3n<\/h2>\n\n\n\n<p>Las tarifas se ajustan seg\u00fan el pa\u00eds de residencia y tama\u00f1o de la empresa, siguiendo la clasificaci\u00f3n del Banco Mundial. Se pueden aplicar descuentos por sectores prioritarios o econom\u00edas en desarrollo. <a href=\"https:\/\/registrogeneralprofesionales.eu\/?page_id=120\" data-type=\"page\" data-id=\"120\" target=\"_blank\" rel=\"noreferrer noopener\">Consulte personalmente<\/a>, las tarifas asociadas seg\u00fan servicios de su inter\u00e9s y tipo de empresa.<\/p>\n\n\n\n<h2 class=\"wp-block-heading\">Acerca del estatus de acreditaci\u00f3n RGP (UE)<\/h2>\n\n\n\n<p><strong>No sustituye licencias legales: <\/strong>La acreditaci\u00f3n RGP es voluntaria y no reemplaza autorizaciones gubernamentales.<\/p>\n\n\n\n<p><strong>Complementa normas oficiales: <\/strong>Sirve como sello de calidad adicional a las certificaciones nacionales o ISO.<\/p>\n\n\n\n<p><strong>Reconocimiento internacional: <\/strong>Aunque no depende de ning\u00fan gobierno, su aceptaci\u00f3n se extiende a trav\u00e9s de acuerdos, convenios y redes empresariales.<\/p>\n\n\n\n<h2 class=\"wp-block-heading\">Derechos de las profesionales y empresas acreditadas por RGP (UE)<\/h2>\n\n\n\n<ul class=\"wp-block-list\">\n<li>Recepci\u00f3n del Carn\u00e9 Profesional o T\u00edtulo + Acreditaci\u00f3n, seg\u00fan solicitud.<\/li>\n\n\n\n<li>Uso autorizado del logotipo y sello oficial de la Acreditaci\u00f3n en sus servicios empresariales.<\/li>\n\n\n\n<li>Aparecer en el directorio p\u00fablico de entidades acreditadas.<\/li>\n\n\n\n<li>Recibir informes de mejora continua y alertas sobre est\u00e1ndares globales.<\/li>\n\n\n\n<li>Participar en eventos, redes de negocios y programas de prestigio internacional.<\/li>\n\n\n\n<li>Acceso a informaci\u00f3n sobre  oportunidades de contratos de licitaci\u00f3n.<\/li>\n\n\n\n<li>Acceso al Servicio de alertas por licitaciones.<\/li>\n\n\n\n<li>Acceso a una amplia variedad de programas de formaci\u00f3n, la mayor\u00eda de ellos gratuitos, desde desarrollo econ\u00f3mico hasta igualdad de g\u00e9nero, derechos humanos, seguridad nuclear o migraci\u00f3n, siempre en apoyo de los ODS y la sostenibilidad.<\/li>\n<\/ul>\n\n\n\n<p><\/p>\n","protected":false},"excerpt":{"rendered":"<p>La acreditaci\u00f3n es una evaluaci\u00f3n de la calidad y desempe\u00f1o de empresas, organizaciones, instituciones, corporaciones, agencias, formaci\u00f3n acad\u00e9mica, profesionales y consultores. A nivel internacional, la acreditaci\u00f3n representa una herramienta clave mediante la cual, clientes, socios comerciales, inversores, autoridades p\u00fablicas y medios de comunicaci\u00f3n reconocen que una entidad o un profesional, opera conforme a est\u00e1ndares de [&hellip;]<\/p>\n","protected":false},"author":1,"featured_media":293,"parent":0,"menu_order":0,"comment_status":"closed","ping_status":"closed","template":"","meta":{"footnotes":""},"class_list":["post-57","page","type-page","status-publish","has-post-thumbnail","hentry"],"_links":{"self":[{"href":"https:\/\/registrogeneralprofesionales.eu\/index.php?rest_route=\/wp\/v2\/pages\/57","targetHints":{"allow":["GET"]}}],"collection":[{"href":"https:\/\/registrogeneralprofesionales.eu\/index.php?rest_route=\/wp\/v2\/pages"}],"about":[{"href":"https:\/\/registrogeneralprofesionales.eu\/index.php?rest_route=\/wp\/v2\/types\/page"}],"author":[{"embeddable":true,"href":"https:\/\/registrogeneralprofesionales.eu\/index.php?rest_route=\/wp\/v2\/users\/1"}],"replies":[{"embeddable":true,"href":"https:\/\/registrogeneralprofesionales.eu\/index.php?rest_route=%2Fwp%2Fv2%2Fcomments&post=57"}],"version-history":[{"count":6,"href":"https:\/\/registrogeneralprofesionales.eu\/index.php?rest_route=\/wp\/v2\/pages\/57\/revisions"}],"predecessor-version":[{"id":295,"href":"https:\/\/registrogeneralprofesionales.eu\/index.php?rest_route=\/wp\/v2\/pages\/57\/revisions\/295"}],"wp:featuredmedia":[{"embeddable":true,"href":"https:\/\/registrogeneralprofesionales.eu\/index.php?rest_route=\/wp\/v2\/media\/293"}],"wp:attachment":[{"href":"https:\/\/registrogeneralprofesionales.eu\/index.php?rest_route=%2Fwp%2Fv2%2Fmedia&parent=57"}],"curies":[{"name":"wp","href":"https:\/\/api.w.org\/{rel}","templated":true}]}}